{"id":3,"date":"2020-12-14T07:54:38","date_gmt":"2020-12-14T07:54:38","guid":{"rendered":"http:\/\/wp.laiskasvyskupams.lt\/?page_id=3"},"modified":"2022-03-05T18:38:41","modified_gmt":"2022-03-05T18:38:41","slug":"privacy-policy","status":"publish","type":"page","link":"https:\/\/katalikupeticija.lt\/?page_id=3","title":{"rendered":"J\u016bs\u0173 privatumas"},"content":{"rendered":"\n<h2 class=\"wp-block-heading\">Kokius asmeninius duomenis ir kokiu tikslu mes renkame<\/h2>\n\n\n\n<h3 class=\"wp-block-heading\">Peticijos<\/h3>\n\n\n\n<p>Jei pasira\u0161ote peticij\u0105, m\u016bs\u0173 tinklapyje lieka J\u016bs\u0173 nurodyti vardas, pavard\u0117 ir el. pa\u0161to adresas. Jei peticijos pasira\u0161ymo metu u\u017esiprenumeravote peticij\u0173 naujienas, el. pa\u0161tu gausite prane\u0161imus apie jas. Naujien\u0173 prenumeratos galite atsisakyti spausdami ant nuorod\u0173 gautuose el. lai\u0161kuose.<\/p>\n\n\n\n<h3 class=\"wp-block-heading\">Prane\u0161imai<\/h3>\n\n\n\n<p>Kai tinklapio lankytojai para\u0161o mums <a href=\"http:\/\/katalikupeticija.lt\/?page_id=18\" data-type=\"page\" data-id=\"18\">prane\u0161im\u0105<\/a>, m\u016bs\u0173 tinklapyje lieka lankytojo vardas ir pavard\u0117, kuriais jis prisistato bei el. pa\u0161to adresas, kuriuo jis pageidauja gauti atsakym\u0105.<\/p>\n\n\n\n<h3 class=\"wp-block-heading\">Naujien\u0173 prenumerata<\/h3>\n\n\n\n<p>Jei prenumeruojate m\u016bs\u0173 peticij\u0173 naujienas, m\u016bs\u0173 tinklapyje saugomas J\u016bs\u0173 pateiktas el. pa\u0161to adresas.<\/p>\n\n\n\n<h3 class=\"wp-block-heading\">Kitas J\u016bs\u0173 informacijos naudojimas<\/h3>\n\n\n\n<p>Pasira\u0161ant peticijas ar pildant kitas formas tinklapyje, J\u016bs\u0173 nar\u0161ykl\u0117 gali b\u016bti tikrinama automatizuotu b\u016bdu apsaugai nuo brukalo.<\/p>\n\n\n\n<h3 class=\"wp-block-heading\">Kaip ilgai mes saugome J\u016bs\u0173 duomenis<\/h3>\n\n\n\n<p>Jei pasira\u0161ote peticij\u0105 ar prenumeruojate tinklapio naujienas, J\u016bs\u0173 duomenis mes saugome neribot\u0105 laik\u0105. Nor\u0117dami pa\u0161alinti savo asmeninius duomenis i\u0161 m\u016bs\u0173 tinklapio, <a href=\"http:\/\/katalikupeticija.lt\/?page_id=18\" data-type=\"page\" data-id=\"18\">para\u0161ykite <\/a>mums.<\/p>\n\n\n\n<h2 class=\"wp-block-heading\">Slapukai<\/h2>\n\n\n\n<p>Slapukas yra ma\u017eas tekstinis failas, kuris Jums lankantis tinklapyje yra i\u0161saugomas J\u016bs\u0173 \u012frenginyje. Jis leid\u017eia tinklapiui \u012fsiminti kai kuriuos J\u016bs\u0173 veiksmus ir pasirinkimus (pvz. prisijungimo duomenis, pasirinkit\u0105 kalb\u0105, \u0161rifto dyd\u012f ir kitus vaizdavimo parametrus) tam tikram nustatytam laiko tarpui, kad gr\u012f\u017eus \u012f tinklap\u012f Jums nereik\u0117t\u0173 \u0161i\u0173 duomen\u0173 suvedin\u0117ti kas kart\u0105 i\u0161 naujo.<\/p>\n\n\n\n<h3 class=\"wp-block-heading\">Kokius slapukus mes naudojame?<\/h3>\n\n\n\n<h4 class=\"wp-block-heading\">Google Analytics<\/h4>\n\n\n\n<p>Google Analytics slapukas leid\u017eia mums \u017einoti, kuriuose tinklapio puslapiuose J\u016bs lankot\u0117s, kur praleid\u017eiate daugiausiai laiko &#8211; trumpai tariant, taip mes su\u017einome, kas Jus labiausiai domina ir tai leid\u017eia mums atitinkamai formuoti tinklapio turin\u012f.<\/p>\n\n\n\n<h4 class=\"wp-block-heading\">Cloudflare apsauga<\/h4>\n\n\n\n<p>M\u016bs\u0173 tinklapis gali naudoti Cloudflare apsaug\u0105 nuo tinklapio nulau\u017eimo. \u0160i sistema taip pat gali i\u0161saugoti slapukus J\u016bs\u0173 \u012frenginyje jo identifikacijos tikslais.<\/p>\n\n\n\n<h3 class=\"wp-block-heading\">Slapuk\u0173 naudojimas<\/h3>\n\n\n\n<p>Slapuk\u0173 naudojimas tinklapyje n\u0117ra b\u016btinas, ta\u010diau j\u0173 naudojimas leis Jums nar\u0161yti tinklapyje patogiau. J\u016bs galite i\u0161trinti slapukus arba neleisti j\u0173 naudojimo, ta\u010diau tuo atveju kai kurios tinklapio funkcijos gali veikti ne visai taip, kaip nor\u0117tum\u0117te. Slapuk\u0173 informacija n\u0117ra skirta J\u016bs\u0173 asmens identifikavimui ir j\u0173 naudojimas yra visi\u0161ka J\u016bs\u0173 pasirinkimo laisv\u0117. Mes nenaudojame slapuk\u0173 rinkti jokiai informacijai, kuri neapra\u0161yta auk\u0161\u010diau.<\/p>\n\n\n\n<h3 class=\"wp-block-heading\">Slapuk\u0173 valdymas<\/h3>\n\n\n\n<p>J\u016bs galite valdyti slapukus savo \u012frenginyje &#8211; daugiau apie tai skaitykite&nbsp;<a href=\"http:\/\/www.aboutcookies.org\/\">aboutcookies.org<\/a>. Galite i\u0161trinti slapukus jau esan\u010dius J\u016bs\u0173 \u012frenginyje arba savo nar\u0161ykl\u0119 suderinti taip, kad slapukai neb\u016bt\u0173 saugomi i\u0161 viso. Ta\u010diau nepamir\u0161kite, kad tuo atveju lankydamiesi \u012fvairiuose tinklapiuose tur\u0117site pakartotinai atlikti kai kuriuos veiksmus, o kai kuri\u0173 tinklapi\u0173 funkcijos gali i\u0161 viso neveikti.<\/p>\n\n\n\n<h2 class=\"wp-block-heading\">J\u016bs\u0173 duomen\u0173 pa\u0161alinimas<\/h2>\n\n\n\n<p>Nor\u0117dami pa\u0161alinti savo asmeninius duomenis i\u0161 m\u016bs\u0173 tinklapio, tiesiog <a href=\"http:\/\/katalikupeticija.lt\/?page_id=18\">para\u0161ykite <\/a>mums.<\/p>\n","protected":false},"excerpt":{"rendered":"<p>Kokius asmeninius duomenis ir kokiu tikslu mes renkame Peticijos Jei pasira\u0161ote peticij\u0105, m\u016bs\u0173 tinklapyje lieka J\u016bs\u0173 nurodyti vardas, pavard\u0117 ir el. pa\u0161to adresas. Jei peticijos pasira\u0161ymo metu u\u017esiprenumeravote peticij\u0173 naujienas, el. pa\u0161tu gausite prane\u0161imus apie jas. Naujien\u0173 prenumeratos galite atsisakyti spausdami ant nuorod\u0173 gautuose el. lai\u0161kuose. Prane\u0161imai Kai tinklapio lankytojai para\u0161o mums prane\u0161im\u0105, m\u016bs\u0173 tinklapyje&hellip; <a class=\"more-link\" href=\"https:\/\/katalikupeticija.lt\/?page_id=3\">T\u0119skite <span class=\"screen-reader-text\">J\u016bs\u0173 privatumas<\/span> skaitym\u0105<\/a><\/p>\n","protected":false},"author":1,"featured_media":0,"parent":0,"menu_order":0,"comment_status":"closed","ping_status":"closed","template":"","meta":{"footnotes":""},"_links":{"self":[{"href":"https:\/\/katalikupeticija.lt\/index.php?rest_route=\/wp\/v2\/pages\/3"}],"collection":[{"href":"https:\/\/katalikupeticija.lt\/index.php?rest_route=\/wp\/v2\/pages"}],"about":[{"href":"https:\/\/katalikupeticija.lt\/index.php?rest_route=\/wp\/v2\/types\/page"}],"author":[{"embeddable":true,"href":"https:\/\/katalikupeticija.lt\/index.php?rest_route=\/wp\/v2\/users\/1"}],"replies":[{"embeddable":true,"href":"https:\/\/katalikupeticija.lt\/index.php?rest_route=%2Fwp%2Fv2%2Fcomments&post=3"}],"version-history":[{"count":5,"href":"https:\/\/katalikupeticija.lt\/index.php?rest_route=\/wp\/v2\/pages\/3\/revisions"}],"predecessor-version":[{"id":235,"href":"https:\/\/katalikupeticija.lt\/index.php?rest_route=\/wp\/v2\/pages\/3\/revisions\/235"}],"wp:attachment":[{"href":"https:\/\/katalikupeticija.lt\/index.php?rest_route=%2Fwp%2Fv2%2Fmedia&parent=3"}],"curies":[{"name":"wp","href":"https:\/\/api.w.org\/{rel}","templated":true}]}}