{"id":18,"date":"2020-12-14T11:55:53","date_gmt":"2020-12-14T11:55:53","guid":{"rendered":"http:\/\/wp.laiskasvyskupams.lt\/?page_id=18"},"modified":"2022-03-05T18:13:22","modified_gmt":"2022-03-05T18:13:22","slug":"apie","status":"publish","type":"page","link":"https:\/\/katalikupeticija.lt\/?page_id=18","title":{"rendered":"Kontaktai"},"content":{"rendered":"\n<figure class=\"wp-block-gallery has-nested-images columns-default is-cropped wp-block-gallery-1 is-layout-flex wp-block-gallery-is-layout-flex\">\n<figure class=\"wp-block-image size-full\"><img loading=\"lazy\" decoding=\"async\" width=\"750\" height=\"383\" data-id=\"195\" src=\"https:\/\/katalikupeticija.lt\/wp-content\/uploads\/2022\/03\/Nukryziuotasis.jpg\" alt=\"\" class=\"wp-image-195\" srcset=\"https:\/\/katalikupeticija.lt\/wp-content\/uploads\/2022\/03\/Nukryziuotasis.jpg 750w, https:\/\/katalikupeticija.lt\/wp-content\/uploads\/2022\/03\/Nukryziuotasis-300x153.jpg 300w\" sizes=\"(max-width: 750px) 100vw, 750px\" \/><\/figure>\n<\/figure>\n\n\n\n<p>\u0160i\u0105 iniciatyv\u0105 prad\u0117jome tam, kad svarbiais klausimais katalik\u0173 balsas b\u016bt\u0173 i\u0161girstas visuomen\u0117je.<\/p>\n\n\n\n<p>Jei turite kok\u012f nors klausim\u0105 arba pasi\u016blym\u0105, galite mums para\u0161yti.<\/p>\n\n\n\n<div class=\"wpforms-container wpforms-container-full\" id=\"wpforms-105\"><form id=\"wpforms-form-105\" class=\"wpforms-validate wpforms-form\" data-formid=\"105\" method=\"post\" enctype=\"multipart\/form-data\" action=\"\/index.php?rest_route=%2Fwp%2Fv2%2Fpages%2F18\" data-token=\"6270b72a006ff7e11389d22fe5d8719f\"><noscript class=\"wpforms-error-noscript\">Please enable JavaScript in your browser to complete this form.<\/noscript><div class=\"wpforms-field-container\"><div id=\"wpforms-105-field_0-container\" class=\"wpforms-field wpforms-field-name\" data-field-id=\"0\"><label class=\"wpforms-field-label\" for=\"wpforms-105-field_0\">J\u016bs\u0173 duomenys <span class=\"wpforms-required-label\">*<\/span><\/label><div class=\"wpforms-field-row wpforms-field-large\"><div class=\"wpforms-field-row-block wpforms-first wpforms-one-half\"><input type=\"text\" id=\"wpforms-105-field_0\" class=\"wpforms-field-name-first wpforms-field-required\" name=\"wpforms[fields][0][first]\" placeholder=\"Vardas\" required><label for=\"wpforms-105-field_0\" class=\"wpforms-field-sublabel after wpforms-sublabel-hide\">First<\/label><\/div><div class=\"wpforms-field-row-block wpforms-one-half\"><input type=\"text\" id=\"wpforms-105-field_0-last\" class=\"wpforms-field-name-last wpforms-field-required\" name=\"wpforms[fields][0][last]\" placeholder=\"Pavard\u0117\" required><label for=\"wpforms-105-field_0-last\" class=\"wpforms-field-sublabel after wpforms-sublabel-hide\">Last<\/label><\/div><\/div><\/div><div id=\"wpforms-105-field_1-container\" class=\"wpforms-field wpforms-field-email\" data-field-id=\"1\"><label class=\"wpforms-field-label\" for=\"wpforms-105-field_1\">El. pa\u0161to adresas <span class=\"wpforms-required-label\">*<\/span><\/label><input type=\"email\" id=\"wpforms-105-field_1\" class=\"wpforms-field-large wpforms-field-required\" name=\"wpforms[fields][1]\" spellcheck=\"false\" required><\/div><div id=\"wpforms-105-field_2-container\" class=\"wpforms-field wpforms-field-textarea\" data-field-id=\"2\"><label class=\"wpforms-field-label\" for=\"wpforms-105-field_2\">Komentaras arba prane\u0161imas <span class=\"wpforms-required-label\">*<\/span><\/label><textarea id=\"wpforms-105-field_2\" class=\"wpforms-field-medium wpforms-field-required\" name=\"wpforms[fields][2]\" required><\/textarea><\/div><\/div><!-- .wpforms-field-container --><div class=\"wpforms-recaptcha-container wpforms-is-recaptcha wpforms-is-recaptcha-type-invisible\" ><div class=\"g-recaptcha\" data-sitekey=\"6LduzggaAAAAAHG4hrb52IXHM8E_EBGVphN2vOIo\" data-size=\"invisible\"><\/div><\/div><div class=\"wpforms-submit-container\" ><input type=\"hidden\" name=\"wpforms[id]\" value=\"105\"><input type=\"hidden\" name=\"wpforms[author]\" value=\"1\"><button type=\"submit\" name=\"wpforms[submit]\" id=\"wpforms-submit-105\" class=\"wpforms-submit kat-button\" data-alt-text=\"Siun\u010diama...\" data-submit-text=\"Si\u0173sti prane\u0161im\u0105\" aria-live=\"assertive\" value=\"wpforms-submit\">Si\u0173sti prane\u0161im\u0105<\/button><\/div><\/form><\/div>  <!-- .wpforms-container -->\n\n\n\n<p><\/p>\n","protected":false},"excerpt":{"rendered":"<p>\u0160i\u0105 iniciatyv\u0105 prad\u0117jome tam, kad svarbiais klausimais katalik\u0173 balsas b\u016bt\u0173 i\u0161girstas visuomen\u0117je. Jei turite kok\u012f nors klausim\u0105 arba pasi\u016blym\u0105, galite mums para\u0161yti.<\/p>\n","protected":false},"author":1,"featured_media":0,"parent":0,"menu_order":0,"comment_status":"closed","ping_status":"closed","template":"","meta":{"footnotes":""},"_links":{"self":[{"href":"https:\/\/katalikupeticija.lt\/index.php?rest_route=\/wp\/v2\/pages\/18"}],"collection":[{"href":"https:\/\/katalikupeticija.lt\/index.php?rest_route=\/wp\/v2\/pages"}],"about":[{"href":"https:\/\/katalikupeticija.lt\/index.php?rest_route=\/wp\/v2\/types\/page"}],"author":[{"embeddable":true,"href":"https:\/\/katalikupeticija.lt\/index.php?rest_route=\/wp\/v2\/users\/1"}],"replies":[{"embeddable":true,"href":"https:\/\/katalikupeticija.lt\/index.php?rest_route=%2Fwp%2Fv2%2Fcomments&post=18"}],"version-history":[{"count":17,"href":"https:\/\/katalikupeticija.lt\/index.php?rest_route=\/wp\/v2\/pages\/18\/revisions"}],"predecessor-version":[{"id":232,"href":"https:\/\/katalikupeticija.lt\/index.php?rest_route=\/wp\/v2\/pages\/18\/revisions\/232"}],"wp:attachment":[{"href":"https:\/\/katalikupeticija.lt\/index.php?rest_route=%2Fwp%2Fv2%2Fmedia&parent=18"}],"curies":[{"name":"wp","href":"https:\/\/api.w.org\/{rel}","templated":true}]}}